{"id":878,"date":"2022-02-05T16:56:54","date_gmt":"2022-02-05T22:56:54","guid":{"rendered":"https:\/\/matehualasinmiedo.com\/?page_id=878"},"modified":"2022-03-09T21:24:30","modified_gmt":"2022-03-10T03:24:30","slug":"nacional","status":"publish","type":"page","link":"https:\/\/matehualasinmiedo.com\/index.php\/nacional\/","title":{"rendered":"NACIONAL"},"content":{"rendered":"<style>.wp-show-posts-columns#wpsp-2914 {margin-left: -2em; }.wp-show-posts-columns#wpsp-2914 .wp-show-posts-inner {margin: 0 0 2em 2em; }<\/style><section id=\"wpsp-2914\" class=\" wp-show-posts-columns wp-show-posts\" style=\"\"><article class=\" wp-show-posts-single post-40073 post type-post status-publish format-standard has-post-thumbnail hentry category-nacional tag-nac wpsp-col-4\" itemtype=\"http:\/\/schema.org\/CreativeWork\" itemscope><div class=\"wp-show-posts-inner\" style=\"\">\t\t<div class=\"wp-show-posts-image  wpsp-image-center \">\n\t\t\t<a href=\"https:\/\/matehualasinmiedo.com\/index.php\/2025\/04\/15\/gobierno-de-mexico-pone-en-marcha-programa-salud-casa-por-casa-para-adultos-mayores-y-personas-con-discapacidad\/\"  title=\"GOBIERNO DE M\u00c9XICO PONE EN MARCHA PROGRAMA SALUD CASA POR CASA PARA ADULTOS MAYORES Y PERSONAS CON DISCAPACIDAD\">\t\t\t\t\t<img decoding=\"async\" src=\"https:\/\/matehualasinmiedo.com\/wp-content\/uploads\/2025\/04\/1-47-300x400.jpg\" alt=\"GOBIERNO DE M\u00c9XICO PONE EN MARCHA PROGRAMA SALUD CASA POR CASA PARA ADULTOS MAYORES Y PERSONAS CON DISCAPACIDAD\" itemprop=\"image\" class=\"center\" \/>\n\t\t\t\t<\/a>\t\t<\/div>\n\t\t\t\t\t\t\t\t<header class=\"wp-show-posts-entry-header\">\n\t\t\t\t\t\t\t<h5 class=\"wp-show-posts-entry-title\" itemprop=\"headline\"><a href=\"https:\/\/matehualasinmiedo.com\/index.php\/2025\/04\/15\/gobierno-de-mexico-pone-en-marcha-programa-salud-casa-por-casa-para-adultos-mayores-y-personas-con-discapacidad\/\" rel=\"bookmark\">GOBIERNO DE M\u00c9XICO PONE EN MARCHA PROGRAMA SALUD CASA POR CASA PARA ADULTOS MAYORES Y PERSONAS CON DISCAPACIDAD<\/a><\/h5><div class=\"wp-show-posts-entry-meta wp-show-posts-entry-meta-below-title post-meta-inline\"><span class=\"wp-show-posts-posted-on wp-show-posts-meta\">\n\t\t\t\t\t<a href=\"https:\/\/matehualasinmiedo.com\/index.php\/2025\/04\/15\/gobierno-de-mexico-pone-en-marcha-programa-salud-casa-por-casa-para-adultos-mayores-y-personas-con-discapacidad\/\" title=\"12:17 PM\" rel=\"bookmark\"><time class=\"wp-show-posts-entry-date published\" datetime=\"2025-04-15T12:17:50-06:00\" itemprop=\"datePublished\">15 de abril de 2025<\/time><time class=\"wp-show-posts-updated\" datetime=\"2025-04-15T12:18:17-06:00\" itemprop=\"dateModified\">15 de abril de 2025<\/time><\/a>\n\t\t\t\t<\/span><\/div>\t\t\t\t\t\t<\/header><!-- .entry-header -->\n\t\t\t\t\t\t\t\t\t\t\t<div class=\"wp-show-posts-entry-summary\" itemprop=\"text\">\n\t\t\t\t\t\t\t<p>El Gobierno de M\u00e9xico, a trav\u00e9s de las Secretar\u00eda del Bienestar y de Salud,&nbsp; informa que puso en marcha el programa Salud Casa por Casa, en el que por medio&#8230;<\/p>\n\t\t\t\t\t\t<\/div><!-- .entry-summary -->\n\t\t\t\t\t<\/div><!-- wp-show-posts-inner --><\/article><article class=\" wp-show-posts-single post-38484 post type-post status-publish format-standard has-post-thumbnail hentry category-nacional tag-nac wpsp-col-4\" itemtype=\"http:\/\/schema.org\/CreativeWork\" itemscope><div class=\"wp-show-posts-inner\" style=\"\">\t\t<div class=\"wp-show-posts-image  wpsp-image-center \">\n\t\t\t<a href=\"https:\/\/matehualasinmiedo.com\/index.php\/2025\/02\/01\/en-sonora-y-baja-california-fueron-aseguradas-cuatro-toneladas-de-metanfetamina-y-20-kilos-de-fentanilo-y-heroina\/\"  title=\"EN SONORA Y BAJA CALIFORNIA FUERON ASEGURADAS CUATRO TONELADAS DE METANFETAMINA Y 20 KILOS DE FENTANILO Y HERO\u00cdNA\">\t\t\t\t\t<img decoding=\"async\" src=\"https:\/\/matehualasinmiedo.com\/wp-content\/uploads\/2025\/02\/1-2-300x400.jpg\" alt=\"EN SONORA Y BAJA CALIFORNIA FUERON ASEGURADAS CUATRO TONELADAS DE METANFETAMINA Y 20 KILOS DE FENTANILO Y HERO\u00cdNA\" itemprop=\"image\" class=\"center\" \/>\n\t\t\t\t<\/a>\t\t<\/div>\n\t\t\t\t\t\t\t\t<header class=\"wp-show-posts-entry-header\">\n\t\t\t\t\t\t\t<h5 class=\"wp-show-posts-entry-title\" itemprop=\"headline\"><a href=\"https:\/\/matehualasinmiedo.com\/index.php\/2025\/02\/01\/en-sonora-y-baja-california-fueron-aseguradas-cuatro-toneladas-de-metanfetamina-y-20-kilos-de-fentanilo-y-heroina\/\" rel=\"bookmark\">EN SONORA Y BAJA CALIFORNIA FUERON ASEGURADAS CUATRO TONELADAS DE METANFETAMINA Y 20 KILOS DE FENTANILO Y HERO\u00cdNA<\/a><\/h5><div class=\"wp-show-posts-entry-meta wp-show-posts-entry-meta-below-title post-meta-inline\"><span class=\"wp-show-posts-posted-on wp-show-posts-meta\">\n\t\t\t\t\t<a href=\"https:\/\/matehualasinmiedo.com\/index.php\/2025\/02\/01\/en-sonora-y-baja-california-fueron-aseguradas-cuatro-toneladas-de-metanfetamina-y-20-kilos-de-fentanilo-y-heroina\/\" title=\"2:45 PM\" rel=\"bookmark\"><time class=\"wp-show-posts-entry-date published\" datetime=\"2025-02-01T14:45:21-06:00\" itemprop=\"datePublished\">1 de febrero de 2025<\/time><\/a>\n\t\t\t\t<\/span><\/div>\t\t\t\t\t\t<\/header><!-- .entry-header -->\n\t\t\t\t\t\t\t\t\t\t\t<div class=\"wp-show-posts-entry-summary\" itemprop=\"text\">\n\t\t\t\t\t\t\t<p>En acciones encabezadas por elementos de la Agencia de Investigaci\u00f3n Criminal (AIC) de la Fiscal\u00eda General de la Rep\u00fablica (FGR), junto con la Secretar\u00eda de la Defensa Nacional (Defensa), Secretar\u00eda&#8230;<\/p>\n\t\t\t\t\t\t<\/div><!-- .entry-summary -->\n\t\t\t\t\t<\/div><!-- wp-show-posts-inner --><\/article><article class=\" wp-show-posts-single post-34279 post type-post status-publish format-standard has-post-thumbnail hentry category-nacional tag-nac wpsp-col-4\" itemtype=\"http:\/\/schema.org\/CreativeWork\" itemscope><div class=\"wp-show-posts-inner\" style=\"\">\t\t<div class=\"wp-show-posts-image  wpsp-image-center \">\n\t\t\t<a href=\"https:\/\/matehualasinmiedo.com\/index.php\/2024\/09\/06\/nombra-claudia-sheinbaum-a-proximos-titulares-de-sedena-y-semar\/\"  title=\"NOMBRA CLAUDIA SHEINBAUM A PR\u00d3XIMOS TITULARES DE SEDENA Y SEMAR\">\t\t\t\t\t<img decoding=\"async\" src=\"https:\/\/matehualasinmiedo.com\/wp-content\/uploads\/2024\/09\/2-23-300x400.jpg\" alt=\"NOMBRA CLAUDIA SHEINBAUM A PR\u00d3XIMOS TITULARES DE SEDENA Y SEMAR\" itemprop=\"image\" class=\"center\" \/>\n\t\t\t\t<\/a>\t\t<\/div>\n\t\t\t\t\t\t\t\t<header class=\"wp-show-posts-entry-header\">\n\t\t\t\t\t\t\t<h5 class=\"wp-show-posts-entry-title\" itemprop=\"headline\"><a href=\"https:\/\/matehualasinmiedo.com\/index.php\/2024\/09\/06\/nombra-claudia-sheinbaum-a-proximos-titulares-de-sedena-y-semar\/\" rel=\"bookmark\">NOMBRA CLAUDIA SHEINBAUM A PR\u00d3XIMOS TITULARES DE SEDENA Y SEMAR<\/a><\/h5><div class=\"wp-show-posts-entry-meta wp-show-posts-entry-meta-below-title post-meta-inline\"><span class=\"wp-show-posts-posted-on wp-show-posts-meta\">\n\t\t\t\t\t<a href=\"https:\/\/matehualasinmiedo.com\/index.php\/2024\/09\/06\/nombra-claudia-sheinbaum-a-proximos-titulares-de-sedena-y-semar\/\" title=\"3:34 PM\" rel=\"bookmark\"><time class=\"wp-show-posts-entry-date published\" datetime=\"2024-09-06T15:34:39-06:00\" itemprop=\"datePublished\">6 de septiembre de 2024<\/time><time class=\"wp-show-posts-updated\" datetime=\"2024-09-06T15:34:40-06:00\" itemprop=\"dateModified\">6 de septiembre de 2024<\/time><\/a>\n\t\t\t\t<\/span><\/div>\t\t\t\t\t\t<\/header><!-- .entry-header -->\n\t\t\t\t\t\t\t\t\t\t\t<div class=\"wp-show-posts-entry-summary\" itemprop=\"text\">\n\t\t\t\t\t\t\t<p>El pr\u00f3ximo secretario de la Defensa Nacional ser\u00e1 el General de Divisi\u00f3n Diplomado de Estado Mayor, Ricardo Trevilla Trejo, lo anterior de conformidad con el Art\u00edculo 14, fracci\u00f3n I, de&#8230;<\/p>\n\t\t\t\t\t\t<\/div><!-- .entry-summary -->\n\t\t\t\t\t<\/div><!-- wp-show-posts-inner --><\/article><article class=\" wp-show-posts-single post-33841 post type-post status-publish format-standard has-post-thumbnail hentry category-nacional tag-nac wpsp-col-4\" itemtype=\"http:\/\/schema.org\/CreativeWork\" itemscope><div class=\"wp-show-posts-inner\" style=\"\">\t\t<div class=\"wp-show-posts-image  wpsp-image-center \">\n\t\t\t<a href=\"https:\/\/matehualasinmiedo.com\/index.php\/2024\/08\/25\/vamos-a-seguir-apoyando-a-sinaloa-claudia-sheinbaum-refrenda-su-compromiso-a-favor-del-desarrollo-en-el-norte-del-pais\/\"  title=\"\u2019\u2019VAMOS A SEGUIR APOYANDO A SINALOA\u2019\u2019: CLAUDIA SHEINBAUM REFRENDA SU COMPROMISO A FAVOR DEL DESARROLLO EN EL NORTE DEL PA\u00cdS\">\t\t\t\t\t<img decoding=\"async\" src=\"https:\/\/matehualasinmiedo.com\/wp-content\/uploads\/2024\/08\/2-101-300x400.jpg\" alt=\"\u2019\u2019VAMOS A SEGUIR APOYANDO A SINALOA\u2019\u2019: CLAUDIA SHEINBAUM REFRENDA SU COMPROMISO A FAVOR DEL DESARROLLO EN EL NORTE DEL PA\u00cdS\" itemprop=\"image\" class=\"center\" \/>\n\t\t\t\t<\/a>\t\t<\/div>\n\t\t\t\t\t\t\t\t<header class=\"wp-show-posts-entry-header\">\n\t\t\t\t\t\t\t<h5 class=\"wp-show-posts-entry-title\" itemprop=\"headline\"><a href=\"https:\/\/matehualasinmiedo.com\/index.php\/2024\/08\/25\/vamos-a-seguir-apoyando-a-sinaloa-claudia-sheinbaum-refrenda-su-compromiso-a-favor-del-desarrollo-en-el-norte-del-pais\/\" rel=\"bookmark\">\u2019\u2019VAMOS A SEGUIR APOYANDO A SINALOA\u2019\u2019: CLAUDIA SHEINBAUM REFRENDA SU COMPROMISO A FAVOR DEL DESARROLLO EN EL NORTE DEL PA\u00cdS<\/a><\/h5><div class=\"wp-show-posts-entry-meta wp-show-posts-entry-meta-below-title post-meta-inline\"><span class=\"wp-show-posts-posted-on wp-show-posts-meta\">\n\t\t\t\t\t<a href=\"https:\/\/matehualasinmiedo.com\/index.php\/2024\/08\/25\/vamos-a-seguir-apoyando-a-sinaloa-claudia-sheinbaum-refrenda-su-compromiso-a-favor-del-desarrollo-en-el-norte-del-pais\/\" title=\"9:42 PM\" rel=\"bookmark\"><time class=\"wp-show-posts-entry-date published\" datetime=\"2024-08-25T21:42:35-06:00\" itemprop=\"datePublished\">25 de agosto de 2024<\/time><time class=\"wp-show-posts-updated\" datetime=\"2024-08-25T21:42:36-06:00\" itemprop=\"dateModified\">25 de agosto de 2024<\/time><\/a>\n\t\t\t\t<\/span><\/div>\t\t\t\t\t\t<\/header><!-- .entry-header -->\n\t\t\t\t\t\t\t\t\t\t\t<div class=\"wp-show-posts-entry-summary\" itemprop=\"text\">\n\t\t\t\t\t\t\t<p>Con trenes de pasajeros y la continuidad de los Programas del Bienestar, se comprometi\u00f3 a seguir apoyando el desarrollo del norte de M\u00e9xico de la mano del pueblo de Sinaloa&#8230;<\/p>\n\t\t\t\t\t\t<\/div><!-- .entry-summary -->\n\t\t\t\t\t<\/div><!-- wp-show-posts-inner --><\/article><article class=\" wp-show-posts-single post-28859 post type-post status-publish format-standard has-post-thumbnail hentry category-nacional tag-nac wpsp-col-4\" itemtype=\"http:\/\/schema.org\/CreativeWork\" itemscope><div class=\"wp-show-posts-inner\" style=\"\">\t\t<div class=\"wp-show-posts-image  wpsp-image-center \">\n\t\t\t<a href=\"https:\/\/matehualasinmiedo.com\/index.php\/2024\/04\/01\/le-quitan-la-vida-frente-a-simpatizantes-a-gisela-gaytan-candidata-de-morena-en-celaya\/\"  title=\"LE QUITAN LA VIDA FRENTE A SIMPATIZANTES A GISELA GAYTAN CANDIDATA DE MORENA EN CELAYA\">\t\t\t\t\t<img decoding=\"async\" src=\"https:\/\/matehualasinmiedo.com\/wp-content\/uploads\/2024\/04\/2-4-300x400.jpg\" alt=\"LE QUITAN LA VIDA FRENTE A SIMPATIZANTES A GISELA GAYTAN CANDIDATA DE MORENA EN CELAYA\" itemprop=\"image\" class=\"center\" \/>\n\t\t\t\t<\/a>\t\t<\/div>\n\t\t\t\t\t\t\t\t<header class=\"wp-show-posts-entry-header\">\n\t\t\t\t\t\t\t<h5 class=\"wp-show-posts-entry-title\" itemprop=\"headline\"><a href=\"https:\/\/matehualasinmiedo.com\/index.php\/2024\/04\/01\/le-quitan-la-vida-frente-a-simpatizantes-a-gisela-gaytan-candidata-de-morena-en-celaya\/\" rel=\"bookmark\">LE QUITAN LA VIDA FRENTE A SIMPATIZANTES A GISELA GAYTAN CANDIDATA DE MORENA EN CELAYA<\/a><\/h5><div class=\"wp-show-posts-entry-meta wp-show-posts-entry-meta-below-title post-meta-inline\"><span class=\"wp-show-posts-posted-on wp-show-posts-meta\">\n\t\t\t\t\t<a href=\"https:\/\/matehualasinmiedo.com\/index.php\/2024\/04\/01\/le-quitan-la-vida-frente-a-simpatizantes-a-gisela-gaytan-candidata-de-morena-en-celaya\/\" title=\"7:28 PM\" rel=\"bookmark\"><time class=\"wp-show-posts-entry-date published\" datetime=\"2024-04-01T19:28:42-06:00\" itemprop=\"datePublished\">1 de abril de 2024<\/time><time class=\"wp-show-posts-updated\" datetime=\"2024-04-01T19:28:54-06:00\" itemprop=\"dateModified\">1 de abril de 2024<\/time><\/a>\n\t\t\t\t<\/span><\/div>\t\t\t\t\t\t<\/header><!-- .entry-header -->\n\t\t\t\t\t\t\t\t\t\t\t<div class=\"wp-show-posts-entry-summary\" itemprop=\"text\">\n\t\t\t\t\t\t\t<p>Guanajuato.- La candidata de Morena a la alcald\u00eda de Celaya, Gisela Gayt\u00e1n Guti\u00e9rrez, fue asesinada a balazos en un acto de campa\u00f1a y frente a decenas de simpatizantes. En redes&#8230;<\/p>\n\t\t\t\t\t\t<\/div><!-- .entry-summary -->\n\t\t\t\t\t<\/div><!-- wp-show-posts-inner --><\/article><article class=\" wp-show-posts-single post-14560 post type-post status-publish format-standard has-post-thumbnail hentry category-nacional tag-nac wpsp-col-4\" itemtype=\"http:\/\/schema.org\/CreativeWork\" itemscope><div class=\"wp-show-posts-inner\" style=\"\">\t\t<div class=\"wp-show-posts-image  wpsp-image-center \">\n\t\t\t<a href=\"https:\/\/matehualasinmiedo.com\/index.php\/2022\/12\/20\/mas-apoyos-y-beneficios-para-slp-en-el-2023-gracias-a-las-gestiones-del-gobernador-ricardo-gallardo\/\"  title=\"M\u00c1S APOYOS Y BENEFICIOS PARA SLP EN EL 2023 GRACIAS A LAS GESTIONES DEL GOBERNADOR RICARDO GALLARDO\u00a0\">\t\t\t\t\t<img decoding=\"async\" src=\"https:\/\/matehualasinmiedo.com\/wp-content\/uploads\/2022\/12\/1-64-300x400.jpg\" alt=\"M\u00c1S APOYOS Y BENEFICIOS PARA SLP EN EL 2023 GRACIAS A LAS GESTIONES DEL GOBERNADOR RICARDO GALLARDO\u00a0\" itemprop=\"image\" class=\"center\" \/>\n\t\t\t\t<\/a>\t\t<\/div>\n\t\t\t\t\t\t\t\t<header class=\"wp-show-posts-entry-header\">\n\t\t\t\t\t\t\t<h5 class=\"wp-show-posts-entry-title\" itemprop=\"headline\"><a href=\"https:\/\/matehualasinmiedo.com\/index.php\/2022\/12\/20\/mas-apoyos-y-beneficios-para-slp-en-el-2023-gracias-a-las-gestiones-del-gobernador-ricardo-gallardo\/\" rel=\"bookmark\">M\u00c1S APOYOS Y BENEFICIOS PARA SLP EN EL 2023 GRACIAS A LAS GESTIONES DEL GOBERNADOR RICARDO GALLARDO\u00a0<\/a><\/h5><div class=\"wp-show-posts-entry-meta wp-show-posts-entry-meta-below-title post-meta-inline\"><span class=\"wp-show-posts-posted-on wp-show-posts-meta\">\n\t\t\t\t\t<a href=\"https:\/\/matehualasinmiedo.com\/index.php\/2022\/12\/20\/mas-apoyos-y-beneficios-para-slp-en-el-2023-gracias-a-las-gestiones-del-gobernador-ricardo-gallardo\/\" title=\"2:09 PM\" rel=\"bookmark\"><time class=\"wp-show-posts-entry-date published\" datetime=\"2022-12-20T14:09:39-06:00\" itemprop=\"datePublished\">20 de diciembre de 2022<\/time><time class=\"wp-show-posts-updated\" datetime=\"2022-12-20T14:09:40-06:00\" itemprop=\"dateModified\">20 de diciembre de 2022<\/time><\/a>\n\t\t\t\t<\/span><\/div>\t\t\t\t\t\t<\/header><!-- .entry-header -->\n\t\t\t\t\t\t\t\t\t\t\t<div class=\"wp-show-posts-entry-summary\" itemprop=\"text\">\n\t\t\t\t\t\t\t<p>Excelentes resultados se obtuvieron tras la reuni\u00f3n del Mandatario potosino y su gabinete legal con el Presidente Andr\u00e9s Manuel L\u00f3pez Obrador Gracias a la capacidad de gesti\u00f3n y a la&#8230;<\/p>\n\t\t\t\t\t\t<\/div><!-- .entry-summary -->\n\t\t\t\t\t<\/div><!-- wp-show-posts-inner --><\/article><article class=\" wp-show-posts-single post-14027 post type-post status-publish format-standard has-post-thumbnail hentry category-nacional tag-nac wpsp-col-4\" itemtype=\"http:\/\/schema.org\/CreativeWork\" itemscope><div class=\"wp-show-posts-inner\" style=\"\">\t\t<div class=\"wp-show-posts-image  wpsp-image-center \">\n\t\t\t<a href=\"https:\/\/matehualasinmiedo.com\/index.php\/2022\/12\/03\/marko-cortes-solo-vino-a-san-luis-potosi-a-exhibir-su-doble-moral-pvem\/\"  title=\"Marko Cort\u00e9s solo vino a San Luis Potos\u00ed a exhibir su doble moral: PVEM\">\t\t\t\t\t<img decoding=\"async\" src=\"https:\/\/matehualasinmiedo.com\/wp-content\/uploads\/2022\/12\/1-10-300x400.jpg\" alt=\"Marko Cort\u00e9s solo vino a San Luis Potos\u00ed a exhibir su doble moral: PVEM\" itemprop=\"image\" class=\"center\" \/>\n\t\t\t\t<\/a>\t\t<\/div>\n\t\t\t\t\t\t\t\t<header class=\"wp-show-posts-entry-header\">\n\t\t\t\t\t\t\t<h5 class=\"wp-show-posts-entry-title\" itemprop=\"headline\"><a href=\"https:\/\/matehualasinmiedo.com\/index.php\/2022\/12\/03\/marko-cortes-solo-vino-a-san-luis-potosi-a-exhibir-su-doble-moral-pvem\/\" rel=\"bookmark\">Marko Cort\u00e9s solo vino a San Luis Potos\u00ed a exhibir su doble moral: PVEM<\/a><\/h5><div class=\"wp-show-posts-entry-meta wp-show-posts-entry-meta-below-title post-meta-inline\"><span class=\"wp-show-posts-posted-on wp-show-posts-meta\">\n\t\t\t\t\t<a href=\"https:\/\/matehualasinmiedo.com\/index.php\/2022\/12\/03\/marko-cortes-solo-vino-a-san-luis-potosi-a-exhibir-su-doble-moral-pvem\/\" title=\"3:57 PM\" rel=\"bookmark\"><time class=\"wp-show-posts-entry-date published\" datetime=\"2022-12-03T15:57:47-06:00\" itemprop=\"datePublished\">3 de diciembre de 2022<\/time><time class=\"wp-show-posts-updated\" datetime=\"2022-12-03T15:57:48-06:00\" itemprop=\"dateModified\">3 de diciembre de 2022<\/time><\/a>\n\t\t\t\t<\/span><\/div>\t\t\t\t\t\t<\/header><!-- .entry-header -->\n\t\t\t\t\t\t\t\t\t\t\t<div class=\"wp-show-posts-entry-summary\" itemprop=\"text\">\n\t\t\t\t\t\t\t<p>Sus cr\u00edticas son un reflejo de lo peor que tiene Acci\u00f3n Nacional, afirm\u00f3 Araceli Mart\u00ednez La secretaria general del Comit\u00e9 Ejecutivo Estatal (CEE) del Partido Verde Ecologista de M\u00e9xico (PVEM),&#8230;<\/p>\n\t\t\t\t\t\t<\/div><!-- .entry-summary -->\n\t\t\t\t\t<\/div><!-- wp-show-posts-inner --><\/article><article class=\" wp-show-posts-single post-12765 post type-post status-publish format-standard has-post-thumbnail hentry category-nacional tag-nac wpsp-col-4\" itemtype=\"http:\/\/schema.org\/CreativeWork\" itemscope><div class=\"wp-show-posts-inner\" style=\"\">\t\t<div class=\"wp-show-posts-image  wpsp-image-center \">\n\t\t\t<a href=\"https:\/\/matehualasinmiedo.com\/index.php\/2022\/10\/27\/el-diputado-alejandro-segovia-dice-alto-a-retenes-injustificados-en-carreteras-federales\/\"  title=\"EL DIPUTADO ALEJANDRO SEGOVIA DICE: \u00a1ALTO! A RETENES INJUSTIFICADOS EN CARRETERAS FEDERALES\">\t\t\t\t\t<img decoding=\"async\" src=\"https:\/\/matehualasinmiedo.com\/wp-content\/uploads\/2022\/10\/1-103-300x400.jpg\" alt=\"EL DIPUTADO ALEJANDRO SEGOVIA DICE: \u00a1ALTO! A RETENES INJUSTIFICADOS EN CARRETERAS FEDERALES\" itemprop=\"image\" class=\"center\" \/>\n\t\t\t\t<\/a>\t\t<\/div>\n\t\t\t\t\t\t\t\t<header class=\"wp-show-posts-entry-header\">\n\t\t\t\t\t\t\t<h5 class=\"wp-show-posts-entry-title\" itemprop=\"headline\"><a href=\"https:\/\/matehualasinmiedo.com\/index.php\/2022\/10\/27\/el-diputado-alejandro-segovia-dice-alto-a-retenes-injustificados-en-carreteras-federales\/\" rel=\"bookmark\">EL DIPUTADO ALEJANDRO SEGOVIA DICE: \u00a1ALTO! A RETENES INJUSTIFICADOS EN CARRETERAS FEDERALES<\/a><\/h5><div class=\"wp-show-posts-entry-meta wp-show-posts-entry-meta-below-title post-meta-inline\"><span class=\"wp-show-posts-posted-on wp-show-posts-meta\">\n\t\t\t\t\t<a href=\"https:\/\/matehualasinmiedo.com\/index.php\/2022\/10\/27\/el-diputado-alejandro-segovia-dice-alto-a-retenes-injustificados-en-carreteras-federales\/\" title=\"2:45 PM\" rel=\"bookmark\"><time class=\"wp-show-posts-entry-date published\" datetime=\"2022-10-27T14:45:19-05:00\" itemprop=\"datePublished\">27 de octubre de 2022<\/time><time class=\"wp-show-posts-updated\" datetime=\"2022-10-27T14:45:20-05:00\" itemprop=\"dateModified\">27 de octubre de 2022<\/time><\/a>\n\t\t\t\t<\/span><\/div>\t\t\t\t\t\t<\/header><!-- .entry-header -->\n\t\t\t\t\t\t\t\t\t\t\t<div class=\"wp-show-posts-entry-summary\" itemprop=\"text\">\n\t\t\t\t\t\t\t<p>EN ATENCI\u00d3N A DENUNCIAS POR RETEN EN CARRETERAS EL DIPUTADO FEDERAL INTEGRA UN PUNTO DE ACUERDO EN EL CONGRESO DE LA UNI\u00d3N PARA EVITAR EXTORSIONES A PAISANOS. En respuesta a&#8230;<\/p>\n\t\t\t\t\t\t<\/div><!-- .entry-summary -->\n\t\t\t\t\t<\/div><!-- wp-show-posts-inner --><\/article><article class=\" wp-show-posts-single post-12448 post type-post status-publish format-standard has-post-thumbnail hentry category-nacional tag-nac wpsp-col-4\" itemtype=\"http:\/\/schema.org\/CreativeWork\" itemscope><div class=\"wp-show-posts-inner\" style=\"\">\t\t<div class=\"wp-show-posts-image  wpsp-image-center \">\n\t\t\t<a href=\"https:\/\/matehualasinmiedo.com\/index.php\/2022\/10\/19\/mas-de-50-kilos-de-metanfetamina-dentro-de-un-cuadro-artesanal-precolombino-intentaban-pasar-por-reynosa\/\"  title=\"M\u00c1S DE 50 KILOS DE \u00abMETANFETAMINA\u00bb DENTRO DE UN CUADRO ARTESANAL PRECOLOMBINO INTENTABAN PASAR POR REYNOSA\">\t\t\t\t\t<img decoding=\"async\" src=\"https:\/\/matehualasinmiedo.com\/wp-content\/uploads\/2022\/10\/2-48-300x400.jpg\" alt=\"M\u00c1S DE 50 KILOS DE \u00abMETANFETAMINA\u00bb DENTRO DE UN CUADRO ARTESANAL PRECOLOMBINO INTENTABAN PASAR POR REYNOSA\" itemprop=\"image\" class=\"center\" \/>\n\t\t\t\t<\/a>\t\t<\/div>\n\t\t\t\t\t\t\t\t<header class=\"wp-show-posts-entry-header\">\n\t\t\t\t\t\t\t<h5 class=\"wp-show-posts-entry-title\" itemprop=\"headline\"><a href=\"https:\/\/matehualasinmiedo.com\/index.php\/2022\/10\/19\/mas-de-50-kilos-de-metanfetamina-dentro-de-un-cuadro-artesanal-precolombino-intentaban-pasar-por-reynosa\/\" rel=\"bookmark\">M\u00c1S DE 50 KILOS DE \u00abMETANFETAMINA\u00bb DENTRO DE UN CUADRO ARTESANAL PRECOLOMBINO INTENTABAN PASAR POR REYNOSA<\/a><\/h5><div class=\"wp-show-posts-entry-meta wp-show-posts-entry-meta-below-title post-meta-inline\"><span class=\"wp-show-posts-posted-on wp-show-posts-meta\">\n\t\t\t\t\t<a href=\"https:\/\/matehualasinmiedo.com\/index.php\/2022\/10\/19\/mas-de-50-kilos-de-metanfetamina-dentro-de-un-cuadro-artesanal-precolombino-intentaban-pasar-por-reynosa\/\" title=\"10:30 AM\" rel=\"bookmark\"><time class=\"wp-show-posts-entry-date published\" datetime=\"2022-10-19T10:30:26-05:00\" itemprop=\"datePublished\">19 de octubre de 2022<\/time><time class=\"wp-show-posts-updated\" datetime=\"2022-10-19T10:30:28-05:00\" itemprop=\"dateModified\">19 de octubre de 2022<\/time><\/a>\n\t\t\t\t<\/span><\/div>\t\t\t\t\t\t<\/header><!-- .entry-header -->\n\t\t\t\t\t\t\t\t\t\t\t<div class=\"wp-show-posts-entry-summary\" itemprop=\"text\">\n\t\t\t\t\t\t\t<p>M\u00e1s de 50 kilos de aparente metanfetamina, ocultos en un cuadro artesanal de figuras precolombinas elaborado con resina, fueron descubiertos por el personal de la #GuardiaNacional, durante la inspecci\u00f3n con&#8230;<\/p>\n\t\t\t\t\t\t<\/div><!-- .entry-summary -->\n\t\t\t\t\t<\/div><!-- wp-show-posts-inner --><\/article><article class=\" wp-show-posts-single post-11686 post type-post status-publish format-standard has-post-thumbnail hentry category-nacional tag-nac wpsp-col-4\" itemtype=\"http:\/\/schema.org\/CreativeWork\" itemscope><div class=\"wp-show-posts-inner\" style=\"\">\t\t<div class=\"wp-show-posts-image  wpsp-image-center \">\n\t\t\t<a href=\"https:\/\/matehualasinmiedo.com\/index.php\/2022\/09\/25\/en-coahuila-guardia-nacional-y-agencia-nacional-de-aduanas-de-mexico-detienen-a-persona-con-armamento-en-cruce-fronterizo\/\"  title=\"En Coahuila, Guardia Nacional y Agencia Nacional de Aduanas de M\u00e9xico detienen a persona con armamento en cruce fronterizo\">\t\t\t\t\t<img decoding=\"async\" src=\"https:\/\/matehualasinmiedo.com\/wp-content\/uploads\/2022\/09\/1-85-300x400.jpg\" alt=\"En Coahuila, Guardia Nacional y Agencia Nacional de Aduanas de M\u00e9xico detienen a persona con armamento en cruce fronterizo\" itemprop=\"image\" class=\"center\" \/>\n\t\t\t\t<\/a>\t\t<\/div>\n\t\t\t\t\t\t\t\t<header class=\"wp-show-posts-entry-header\">\n\t\t\t\t\t\t\t<h5 class=\"wp-show-posts-entry-title\" itemprop=\"headline\"><a href=\"https:\/\/matehualasinmiedo.com\/index.php\/2022\/09\/25\/en-coahuila-guardia-nacional-y-agencia-nacional-de-aduanas-de-mexico-detienen-a-persona-con-armamento-en-cruce-fronterizo\/\" rel=\"bookmark\">En Coahuila, Guardia Nacional y Agencia Nacional de Aduanas de M\u00e9xico detienen a persona con armamento en cruce fronterizo<\/a><\/h5><div class=\"wp-show-posts-entry-meta wp-show-posts-entry-meta-below-title post-meta-inline\"><span class=\"wp-show-posts-posted-on wp-show-posts-meta\">\n\t\t\t\t\t<a href=\"https:\/\/matehualasinmiedo.com\/index.php\/2022\/09\/25\/en-coahuila-guardia-nacional-y-agencia-nacional-de-aduanas-de-mexico-detienen-a-persona-con-armamento-en-cruce-fronterizo\/\" title=\"7:06 PM\" rel=\"bookmark\"><time class=\"wp-show-posts-entry-date published\" datetime=\"2022-09-25T19:06:28-05:00\" itemprop=\"datePublished\">25 de septiembre de 2022<\/time><time class=\"wp-show-posts-updated\" datetime=\"2022-09-25T19:08:13-05:00\" itemprop=\"dateModified\">25 de septiembre de 2022<\/time><\/a>\n\t\t\t\t<\/span><\/div>\t\t\t\t\t\t<\/header><!-- .entry-header -->\n\t\t\t\t\t\t\t\t\t\t\t<div class=\"wp-show-posts-entry-summary\" itemprop=\"text\">\n\t\t\t\t\t\t\t<p>En el marco de la Estrategia Nacional de Seguridad P\u00fablica, en el estado de Coahuila, integrantes de la Guardia Nacional (GN), en coordinaci\u00f3n con elementos de la Agencia Nacional de&#8230;<\/p>\n\t\t\t\t\t\t<\/div><!-- .entry-summary -->\n\t\t\t\t\t<\/div><!-- wp-show-posts-inner --><\/article><div class=\"wpsp-clear\"><\/div><\/section><!-- .wp-show-posts -->","protected":false},"excerpt":{"rendered":"","protected":false},"author":1,"featured_media":0,"parent":0,"menu_order":0,"comment_status":"closed","ping_status":"closed","template":"","meta":{"footnotes":""},"class_list":["post-878","page","type-page","status-publish","hentry"],"_links":{"self":[{"href":"https:\/\/matehualasinmiedo.com\/index.php\/wp-json\/wp\/v2\/pages\/878","targetHints":{"allow":["GET"]}}],"collection":[{"href":"https:\/\/matehualasinmiedo.com\/index.php\/wp-json\/wp\/v2\/pages"}],"about":[{"href":"https:\/\/matehualasinmiedo.com\/index.php\/wp-json\/wp\/v2\/types\/page"}],"author":[{"embeddable":true,"href":"https:\/\/matehualasinmiedo.com\/index.php\/wp-json\/wp\/v2\/users\/1"}],"replies":[{"embeddable":true,"href":"https:\/\/matehualasinmiedo.com\/index.php\/wp-json\/wp\/v2\/comments?post=878"}],"version-history":[{"count":2,"href":"https:\/\/matehualasinmiedo.com\/index.php\/wp-json\/wp\/v2\/pages\/878\/revisions"}],"predecessor-version":[{"id":2915,"href":"https:\/\/matehualasinmiedo.com\/index.php\/wp-json\/wp\/v2\/pages\/878\/revisions\/2915"}],"wp:attachment":[{"href":"https:\/\/matehualasinmiedo.com\/index.php\/wp-json\/wp\/v2\/media?parent=878"}],"curies":[{"name":"wp","href":"https:\/\/api.w.org\/{rel}","templated":true}]}}