{"id":67,"date":"2021-12-29T15:18:19","date_gmt":"2021-12-29T21:18:19","guid":{"rendered":"https:\/\/matehualasin.wordpress.com\/?page_id=67"},"modified":"2022-01-27T19:04:21","modified_gmt":"2022-01-27T19:04:21","slug":"deportes","status":"publish","type":"page","link":"https:\/\/matehualasinmiedo.com\/index.php\/deportes\/","title":{"rendered":"DEPORTES"},"content":{"rendered":"<style>.wp-show-posts-columns#wpsp-186 {margin-left: -4em; }.wp-show-posts-columns#wpsp-186 .wp-show-posts-inner {margin: 0 0 4em 4em; }<\/style><section id=\"wpsp-186\" class=\" wp-show-posts-columns wp-show-posts\" style=\"\"><article class=\" wp-show-posts-single post-43924 post type-post status-publish format-standard has-post-thumbnail hentry category-deportes tag-deportes wpsp-col-4\" itemtype=\"http:\/\/schema.org\/CreativeWork\" itemscope><div class=\"wp-show-posts-inner\" style=\"\">\t\t<div class=\"wp-show-posts-image  wpsp-image-center \">\n\t\t\t<a href=\"https:\/\/matehualasinmiedo.com\/index.php\/2026\/03\/25\/lista-la-copa-potosi-infantil-2026-con-gran-participac\/\"  title=\"LISTA LA COPA POTOS\u00cd INFANTIL 2026 CON GRAN PARTICIPAC\">\t\t\t\t\t<img decoding=\"async\" src=\"https:\/\/matehualasinmiedo.com\/wp-content\/uploads\/2026\/03\/4-5-300x400.jpg\" alt=\"LISTA LA COPA POTOS\u00cd INFANTIL 2026 CON GRAN PARTICIPAC\" itemprop=\"image\" class=\"center\" \/>\n\t\t\t\t<\/a>\t\t<\/div>\n\t\t\t\t\t\t\t\t<header class=\"wp-show-posts-entry-header\">\n\t\t\t\t\t\t\t<h5 class=\"wp-show-posts-entry-title\" itemprop=\"headline\"><a href=\"https:\/\/matehualasinmiedo.com\/index.php\/2026\/03\/25\/lista-la-copa-potosi-infantil-2026-con-gran-participac\/\" rel=\"bookmark\">LISTA LA COPA POTOS\u00cd INFANTIL 2026 CON GRAN PARTICIPAC<\/a><\/h5><div class=\"wp-show-posts-entry-meta wp-show-posts-entry-meta-below-title post-meta-inline\"><span class=\"wp-show-posts-posted-on wp-show-posts-meta\">\n\t\t\t\t\t<a href=\"https:\/\/matehualasinmiedo.com\/index.php\/2026\/03\/25\/lista-la-copa-potosi-infantil-2026-con-gran-participac\/\" title=\"7:07 PM\" rel=\"bookmark\"><time class=\"wp-show-posts-entry-date published\" datetime=\"2026-03-25T19:07:56-06:00\" itemprop=\"datePublished\">25 de marzo de 2026<\/time><time class=\"wp-show-posts-updated\" datetime=\"2026-03-25T19:09:48-06:00\" itemprop=\"dateModified\">25 de marzo de 2026<\/time><\/a>\n\t\t\t\t<\/span><\/div>\t\t\t\t\t\t<\/header><!-- .entry-header -->\n\t\t\t\t\t\t\t\t\t\t\t<div class=\"wp-show-posts-entry-summary\" itemprop=\"text\">\n\t\t\t\t\t\t\t<p>Como parte del impulso al deporte que promueve el Gobernador Ricardo Gallardo Cardona, se llev\u00f3 a cabo el sorteo oficial&#8230;<\/p>\n\t\t\t\t\t\t<\/div><!-- .entry-summary -->\n\t\t\t\t\t<\/div><!-- wp-show-posts-inner --><\/article><article class=\" wp-show-posts-single post-43869 post type-post status-publish format-standard has-post-thumbnail hentry category-deportes tag-deportes wpsp-col-4\" itemtype=\"http:\/\/schema.org\/CreativeWork\" itemscope><div class=\"wp-show-posts-inner\" style=\"\">\t\t<div class=\"wp-show-posts-image  wpsp-image-center \">\n\t\t\t<a href=\"https:\/\/matehualasinmiedo.com\/index.php\/2026\/03\/02\/talento-potosino-se-abre-paso-en-la-duela\/\"  title=\"TALENTO POTOSINO SE ABRE PASO EN LA DUELA\">\t\t\t\t\t<img decoding=\"async\" src=\"https:\/\/matehualasinmiedo.com\/wp-content\/uploads\/2026\/03\/4-300x400.jpg\" alt=\"TALENTO POTOSINO SE ABRE PASO EN LA DUELA\" itemprop=\"image\" class=\"center\" \/>\n\t\t\t\t<\/a>\t\t<\/div>\n\t\t\t\t\t\t\t\t<header class=\"wp-show-posts-entry-header\">\n\t\t\t\t\t\t\t<h5 class=\"wp-show-posts-entry-title\" itemprop=\"headline\"><a href=\"https:\/\/matehualasinmiedo.com\/index.php\/2026\/03\/02\/talento-potosino-se-abre-paso-en-la-duela\/\" rel=\"bookmark\">TALENTO POTOSINO SE ABRE PASO EN LA DUELA<\/a><\/h5><div class=\"wp-show-posts-entry-meta wp-show-posts-entry-meta-below-title post-meta-inline\"><span class=\"wp-show-posts-posted-on wp-show-posts-meta\">\n\t\t\t\t\t<a href=\"https:\/\/matehualasinmiedo.com\/index.php\/2026\/03\/02\/talento-potosino-se-abre-paso-en-la-duela\/\" title=\"8:10 PM\" rel=\"bookmark\"><time class=\"wp-show-posts-entry-date published\" datetime=\"2026-03-02T20:10:09-06:00\" itemprop=\"datePublished\">2 de marzo de 2026<\/time><time class=\"wp-show-posts-updated\" datetime=\"2026-03-02T20:10:10-06:00\" itemprop=\"dateModified\">2 de marzo de 2026<\/time><\/a>\n\t\t\t\t<\/span><\/div>\t\t\t\t\t\t<\/header><!-- .entry-header -->\n\t\t\t\t\t\t\t\t\t\t\t<div class=\"wp-show-posts-entry-summary\" itemprop=\"text\">\n\t\t\t\t\t\t\t<p>En el marco del impulso que el Gobernador del Estado, Ricardo Gallardo Cardona, ha dado al deporte, Santas del Potos\u00ed&#8230;<\/p>\n\t\t\t\t\t\t<\/div><!-- .entry-summary -->\n\t\t\t\t\t<\/div><!-- wp-show-posts-inner --><\/article><article class=\" wp-show-posts-single post-43759 post type-post status-publish format-standard has-post-thumbnail hentry category-deportes tag-deportes wpsp-col-4\" itemtype=\"http:\/\/schema.org\/CreativeWork\" itemscope><div class=\"wp-show-posts-inner\" style=\"\">\t\t<div class=\"wp-show-posts-image  wpsp-image-center \">\n\t\t\t<a href=\"https:\/\/matehualasinmiedo.com\/index.php\/2026\/02\/14\/copa-potosi-2026-se-prepara-para-una-edicion-internacional-y-de-alto-nivel\/\"  title=\"COPA POTOS\u00cd 2026 SE PREPARA PARA UNA EDICI\u00d3N INTERNACIONAL Y DE ALTO NIVEL\">\t\t\t\t\t<img decoding=\"async\" src=\"https:\/\/matehualasinmiedo.com\/wp-content\/uploads\/2026\/02\/6-1-300x400.jpg\" alt=\"COPA POTOS\u00cd 2026 SE PREPARA PARA UNA EDICI\u00d3N INTERNACIONAL Y DE ALTO NIVEL\" itemprop=\"image\" class=\"center\" \/>\n\t\t\t\t<\/a>\t\t<\/div>\n\t\t\t\t\t\t\t\t<header class=\"wp-show-posts-entry-header\">\n\t\t\t\t\t\t\t<h5 class=\"wp-show-posts-entry-title\" itemprop=\"headline\"><a href=\"https:\/\/matehualasinmiedo.com\/index.php\/2026\/02\/14\/copa-potosi-2026-se-prepara-para-una-edicion-internacional-y-de-alto-nivel\/\" rel=\"bookmark\">COPA POTOS\u00cd 2026 SE PREPARA PARA UNA EDICI\u00d3N INTERNACIONAL Y DE ALTO NIVEL<\/a><\/h5><div class=\"wp-show-posts-entry-meta wp-show-posts-entry-meta-below-title post-meta-inline\"><span class=\"wp-show-posts-posted-on wp-show-posts-meta\">\n\t\t\t\t\t<a href=\"https:\/\/matehualasinmiedo.com\/index.php\/2026\/02\/14\/copa-potosi-2026-se-prepara-para-una-edicion-internacional-y-de-alto-nivel\/\" title=\"10:18 PM\" rel=\"bookmark\"><time class=\"wp-show-posts-entry-date published\" datetime=\"2026-02-14T22:18:29-06:00\" itemprop=\"datePublished\">14 de febrero de 2026<\/time><time class=\"wp-show-posts-updated\" datetime=\"2026-02-14T22:28:11-06:00\" itemprop=\"dateModified\">14 de febrero de 2026<\/time><\/a>\n\t\t\t\t<\/span><\/div>\t\t\t\t\t\t<\/header><!-- .entry-header -->\n\t\t\t\t\t\t\t\t\t\t\t<div class=\"wp-show-posts-entry-summary\" itemprop=\"text\">\n\t\t\t\t\t\t\t<p>El Instituto Potosino de Cultura F\u00edsica y Deporte (Inpode) avanza en la planeaci\u00f3n de la edici\u00f3n 2026 de la Copa&#8230;<\/p>\n\t\t\t\t\t\t<\/div><!-- .entry-summary -->\n\t\t\t\t\t<\/div><!-- wp-show-posts-inner --><\/article><article class=\" wp-show-posts-single post-42600 post type-post status-publish format-standard has-post-thumbnail hentry category-deportes tag-deportes wpsp-col-4\" itemtype=\"http:\/\/schema.org\/CreativeWork\" itemscope><div class=\"wp-show-posts-inner\" style=\"\">\t\t<div class=\"wp-show-posts-image  wpsp-image-center \">\n\t\t\t<a href=\"https:\/\/matehualasinmiedo.com\/index.php\/2025\/09\/08\/santos-del-potosi-regresa-al-auditorio-miguel-barragan\/\"  title=\"SANTOS DEL POTOS\u00cd REGRESA AL AUDITORIO MIGUEL BARRAG\u00c1N\">\t\t\t\t\t<img decoding=\"async\" src=\"https:\/\/matehualasinmiedo.com\/wp-content\/uploads\/2025\/09\/4-7-300x400.jpg\" alt=\"SANTOS DEL POTOS\u00cd REGRESA AL AUDITORIO MIGUEL BARRAG\u00c1N\" itemprop=\"image\" class=\"center\" \/>\n\t\t\t\t<\/a>\t\t<\/div>\n\t\t\t\t\t\t\t\t<header class=\"wp-show-posts-entry-header\">\n\t\t\t\t\t\t\t<h5 class=\"wp-show-posts-entry-title\" itemprop=\"headline\"><a href=\"https:\/\/matehualasinmiedo.com\/index.php\/2025\/09\/08\/santos-del-potosi-regresa-al-auditorio-miguel-barragan\/\" rel=\"bookmark\">SANTOS DEL POTOS\u00cd REGRESA AL AUDITORIO MIGUEL BARRAG\u00c1N<\/a><\/h5><div class=\"wp-show-posts-entry-meta wp-show-posts-entry-meta-below-title post-meta-inline\"><span class=\"wp-show-posts-posted-on wp-show-posts-meta\">\n\t\t\t\t\t<a href=\"https:\/\/matehualasinmiedo.com\/index.php\/2025\/09\/08\/santos-del-potosi-regresa-al-auditorio-miguel-barragan\/\" title=\"5:24 PM\" rel=\"bookmark\"><time class=\"wp-show-posts-entry-date published\" datetime=\"2025-09-08T17:24:20-06:00\" itemprop=\"datePublished\">8 de septiembre de 2025<\/time><time class=\"wp-show-posts-updated\" datetime=\"2025-09-08T17:24:21-06:00\" itemprop=\"dateModified\">8 de septiembre de 2025<\/time><\/a>\n\t\t\t\t<\/span><\/div>\t\t\t\t\t\t<\/header><!-- .entry-header -->\n\t\t\t\t\t\t\t\t\t\t\t<div class=\"wp-show-posts-entry-summary\" itemprop=\"text\">\n\t\t\t\t\t\t\t<p>En un duelo clave rumbo al Play-In, Santos del Potos\u00ed recibe a Correcaminos con nuevo coach y el respaldo sin&#8230;<\/p>\n\t\t\t\t\t\t<\/div><!-- .entry-summary -->\n\t\t\t\t\t<\/div><!-- wp-show-posts-inner --><\/article><article class=\" wp-show-posts-single post-41991 post type-post status-publish format-standard has-post-thumbnail hentry category-deportes tag-deportes wpsp-col-4\" itemtype=\"http:\/\/schema.org\/CreativeWork\" itemscope><div class=\"wp-show-posts-inner\" style=\"\">\t\t<div class=\"wp-show-posts-image  wpsp-image-center \">\n\t\t\t<a href=\"https:\/\/matehualasinmiedo.com\/index.php\/2025\/07\/25\/san-luis-brilla-en-boxeo-en-olimpiada-nacional\/\"  title=\"SAN LUIS BRILLA EN BOXEO EN OLIMPIADA NACIONAL\">\t\t\t\t\t<img decoding=\"async\" src=\"https:\/\/matehualasinmiedo.com\/wp-content\/uploads\/2025\/07\/2-49-300x400.jpg\" alt=\"SAN LUIS BRILLA EN BOXEO EN OLIMPIADA NACIONAL\" itemprop=\"image\" class=\"center\" \/>\n\t\t\t\t<\/a>\t\t<\/div>\n\t\t\t\t\t\t\t\t<header class=\"wp-show-posts-entry-header\">\n\t\t\t\t\t\t\t<h5 class=\"wp-show-posts-entry-title\" itemprop=\"headline\"><a href=\"https:\/\/matehualasinmiedo.com\/index.php\/2025\/07\/25\/san-luis-brilla-en-boxeo-en-olimpiada-nacional\/\" rel=\"bookmark\">SAN LUIS BRILLA EN BOXEO EN OLIMPIADA NACIONAL<\/a><\/h5><div class=\"wp-show-posts-entry-meta wp-show-posts-entry-meta-below-title post-meta-inline\"><span class=\"wp-show-posts-posted-on wp-show-posts-meta\">\n\t\t\t\t\t<a href=\"https:\/\/matehualasinmiedo.com\/index.php\/2025\/07\/25\/san-luis-brilla-en-boxeo-en-olimpiada-nacional\/\" title=\"2:52 PM\" rel=\"bookmark\"><time class=\"wp-show-posts-entry-date published\" datetime=\"2025-07-25T14:52:53-06:00\" itemprop=\"datePublished\">25 de julio de 2025<\/time><time class=\"wp-show-posts-updated\" datetime=\"2025-07-25T14:52:54-06:00\" itemprop=\"dateModified\">25 de julio de 2025<\/time><\/a>\n\t\t\t\t<\/span><\/div>\t\t\t\t\t\t<\/header><!-- .entry-header -->\n\t\t\t\t\t\t\t\t\t\t\t<div class=\"wp-show-posts-entry-summary\" itemprop=\"text\">\n\t\t\t\t\t\t\t<p>En la competencia celebrada en Puebla se obtuvo una destacada cosecha de tres medallas: una de plata y dos de&#8230;<\/p>\n\t\t\t\t\t\t<\/div><!-- .entry-summary -->\n\t\t\t\t\t<\/div><!-- wp-show-posts-inner --><\/article><article class=\" wp-show-posts-single post-40516 post type-post status-publish format-standard has-post-thumbnail hentry category-deportes tag-deportes wpsp-col-4\" itemtype=\"http:\/\/schema.org\/CreativeWork\" itemscope><div class=\"wp-show-posts-inner\" style=\"\">\t\t<div class=\"wp-show-posts-image  wpsp-image-center \">\n\t\t\t<a href=\"https:\/\/matehualasinmiedo.com\/index.php\/2025\/04\/29\/inicia-en-san-luis-etapa-macro-regional-de-futbol\/\"  title=\"INICIA EN SAN LUIS ETAPA MACRO REGIONAL DE FUTBOL\">\t\t\t\t\t<img decoding=\"async\" src=\"https:\/\/matehualasinmiedo.com\/wp-content\/uploads\/2025\/04\/2-85-300x400.jpg\" alt=\"INICIA EN SAN LUIS ETAPA MACRO REGIONAL DE FUTBOL\" itemprop=\"image\" class=\"center\" \/>\n\t\t\t\t<\/a>\t\t<\/div>\n\t\t\t\t\t\t\t\t<header class=\"wp-show-posts-entry-header\">\n\t\t\t\t\t\t\t<h5 class=\"wp-show-posts-entry-title\" itemprop=\"headline\"><a href=\"https:\/\/matehualasinmiedo.com\/index.php\/2025\/04\/29\/inicia-en-san-luis-etapa-macro-regional-de-futbol\/\" rel=\"bookmark\">INICIA EN SAN LUIS ETAPA MACRO REGIONAL DE FUTBOL<\/a><\/h5><div class=\"wp-show-posts-entry-meta wp-show-posts-entry-meta-below-title post-meta-inline\"><span class=\"wp-show-posts-posted-on wp-show-posts-meta\">\n\t\t\t\t\t<a href=\"https:\/\/matehualasinmiedo.com\/index.php\/2025\/04\/29\/inicia-en-san-luis-etapa-macro-regional-de-futbol\/\" title=\"8:18 PM\" rel=\"bookmark\"><time class=\"wp-show-posts-entry-date published\" datetime=\"2025-04-29T20:18:44-06:00\" itemprop=\"datePublished\">29 de abril de 2025<\/time><time class=\"wp-show-posts-updated\" datetime=\"2025-04-29T20:18:45-06:00\" itemprop=\"dateModified\">29 de abril de 2025<\/time><\/a>\n\t\t\t\t<\/span><\/div>\t\t\t\t\t\t<\/header><!-- .entry-header -->\n\t\t\t\t\t\t\t\t\t\t\t<div class=\"wp-show-posts-entry-summary\" itemprop=\"text\">\n\t\t\t\t\t\t\t<p>San Luis Potos\u00ed es sede de la etapa Macro Regional de f\u00fatbol rumbo a la Olimpiada Nacional 2025, recibiendo desde&#8230;<\/p>\n\t\t\t\t\t\t<\/div><!-- .entry-summary -->\n\t\t\t\t\t<\/div><!-- wp-show-posts-inner --><\/article><article class=\" wp-show-posts-single post-40330 post type-post status-publish format-standard has-post-thumbnail hentry category-deportes tag-deportes wpsp-col-4\" itemtype=\"http:\/\/schema.org\/CreativeWork\" itemscope><div class=\"wp-show-posts-inner\" style=\"\">\t\t<div class=\"wp-show-posts-image  wpsp-image-center \">\n\t\t\t<a href=\"https:\/\/matehualasinmiedo.com\/index.php\/2025\/04\/24\/santos-del-potosi-participa-en-la-mini-copa-mexico\/\"  title=\"SANTOS DEL POTOS\u00cd PARTICIPA EN LA MINI COPA M\u00c9XICO\">\t\t\t\t\t<img decoding=\"async\" src=\"https:\/\/matehualasinmiedo.com\/wp-content\/uploads\/2025\/04\/2-66-300x400.jpg\" alt=\"SANTOS DEL POTOS\u00cd PARTICIPA EN LA MINI COPA M\u00c9XICO\" itemprop=\"image\" class=\"center\" \/>\n\t\t\t\t<\/a>\t\t<\/div>\n\t\t\t\t\t\t\t\t<header class=\"wp-show-posts-entry-header\">\n\t\t\t\t\t\t\t<h5 class=\"wp-show-posts-entry-title\" itemprop=\"headline\"><a href=\"https:\/\/matehualasinmiedo.com\/index.php\/2025\/04\/24\/santos-del-potosi-participa-en-la-mini-copa-mexico\/\" rel=\"bookmark\">SANTOS DEL POTOS\u00cd PARTICIPA EN LA MINI COPA M\u00c9XICO<\/a><\/h5><div class=\"wp-show-posts-entry-meta wp-show-posts-entry-meta-below-title post-meta-inline\"><span class=\"wp-show-posts-posted-on wp-show-posts-meta\">\n\t\t\t\t\t<a href=\"https:\/\/matehualasinmiedo.com\/index.php\/2025\/04\/24\/santos-del-potosi-participa-en-la-mini-copa-mexico\/\" title=\"6:51 PM\" rel=\"bookmark\"><time class=\"wp-show-posts-entry-date published\" datetime=\"2025-04-24T18:51:11-06:00\" itemprop=\"datePublished\">24 de abril de 2025<\/time><time class=\"wp-show-posts-updated\" datetime=\"2025-04-24T18:51:12-06:00\" itemprop=\"dateModified\">24 de abril de 2025<\/time><\/a>\n\t\t\t\t<\/span><\/div>\t\t\t\t\t\t<\/header><!-- .entry-header -->\n\t\t\t\t\t\t\t\t\t\t\t<div class=\"wp-show-posts-entry-summary\" itemprop=\"text\">\n\t\t\t\t\t\t\t<p>El equipo juvenil de basquetbol Santos del Potos\u00ed en la categor\u00eda 2010-2011, participa en la Mini Copa M\u00e9xico, un evento&#8230;<\/p>\n\t\t\t\t\t\t<\/div><!-- .entry-summary -->\n\t\t\t\t\t<\/div><!-- wp-show-posts-inner --><\/article><article class=\" wp-show-posts-single post-40061 post type-post status-publish format-standard has-post-thumbnail hentry category-deportes tag-deportes wpsp-col-4\" itemtype=\"http:\/\/schema.org\/CreativeWork\" itemscope><div class=\"wp-show-posts-inner\" style=\"\">\t\t<div class=\"wp-show-posts-image  wpsp-image-center \">\n\t\t\t<a href=\"https:\/\/matehualasinmiedo.com\/index.php\/2025\/04\/15\/copa-potosi-enciende-la-pasion-futbolera\/\"  title=\"COPA POTOS\u00cd ENCIENDE LA PASI\u00d3N FUTBOLERA\">\t\t\t\t\t<img decoding=\"async\" src=\"https:\/\/matehualasinmiedo.com\/wp-content\/uploads\/2025\/04\/3-35-300x400.jpg\" alt=\"COPA POTOS\u00cd ENCIENDE LA PASI\u00d3N FUTBOLERA\" itemprop=\"image\" class=\"center\" \/>\n\t\t\t\t<\/a>\t\t<\/div>\n\t\t\t\t\t\t\t\t<header class=\"wp-show-posts-entry-header\">\n\t\t\t\t\t\t\t<h5 class=\"wp-show-posts-entry-title\" itemprop=\"headline\"><a href=\"https:\/\/matehualasinmiedo.com\/index.php\/2025\/04\/15\/copa-potosi-enciende-la-pasion-futbolera\/\" rel=\"bookmark\">COPA POTOS\u00cd ENCIENDE LA PASI\u00d3N FUTBOLERA<\/a><\/h5><div class=\"wp-show-posts-entry-meta wp-show-posts-entry-meta-below-title post-meta-inline\"><span class=\"wp-show-posts-posted-on wp-show-posts-meta\">\n\t\t\t\t\t<a href=\"https:\/\/matehualasinmiedo.com\/index.php\/2025\/04\/15\/copa-potosi-enciende-la-pasion-futbolera\/\" title=\"11:03 AM\" rel=\"bookmark\"><time class=\"wp-show-posts-entry-date published\" datetime=\"2025-04-15T11:03:01-06:00\" itemprop=\"datePublished\">15 de abril de 2025<\/time><time class=\"wp-show-posts-updated\" datetime=\"2025-04-15T11:03:02-06:00\" itemprop=\"dateModified\">15 de abril de 2025<\/time><\/a>\n\t\t\t\t<\/span><\/div>\t\t\t\t\t\t<\/header><!-- .entry-header -->\n\t\t\t\t\t\t\t\t\t\t\t<div class=\"wp-show-posts-entry-summary\" itemprop=\"text\">\n\t\t\t\t\t\t\t<p>La noche de este lunes se inaugur\u00f3 la Copa Potos\u00ed en la que 16 equipos varoniles y 12 femeniles se&#8230;<\/p>\n\t\t\t\t\t\t<\/div><!-- .entry-summary -->\n\t\t\t\t\t<\/div><!-- wp-show-posts-inner --><\/article><article class=\" wp-show-posts-single post-38041 post type-post status-publish format-standard has-post-thumbnail hentry category-deportes tag-deportes wpsp-col-4\" itemtype=\"http:\/\/schema.org\/CreativeWork\" itemscope><div class=\"wp-show-posts-inner\" style=\"\">\t\t<div class=\"wp-show-posts-image  wpsp-image-center \">\n\t\t\t<a href=\"https:\/\/matehualasinmiedo.com\/index.php\/2025\/01\/15\/presenta-gobierno-de-estado-el-torneo-de-box-de-los-barrios-tradicionales\/\"  title=\"PRESENTA GOBIERNO DE ESTADO EL TORNEO DE BOX DE LOS BARRIOS TRADICIONALES\">\t\t\t\t\t<img decoding=\"async\" src=\"https:\/\/matehualasinmiedo.com\/wp-content\/uploads\/2025\/01\/3-33-300x400.jpg\" alt=\"PRESENTA GOBIERNO DE ESTADO EL TORNEO DE BOX DE LOS BARRIOS TRADICIONALES\" itemprop=\"image\" class=\"center\" \/>\n\t\t\t\t<\/a>\t\t<\/div>\n\t\t\t\t\t\t\t\t<header class=\"wp-show-posts-entry-header\">\n\t\t\t\t\t\t\t<h5 class=\"wp-show-posts-entry-title\" itemprop=\"headline\"><a href=\"https:\/\/matehualasinmiedo.com\/index.php\/2025\/01\/15\/presenta-gobierno-de-estado-el-torneo-de-box-de-los-barrios-tradicionales\/\" rel=\"bookmark\">PRESENTA GOBIERNO DE ESTADO EL TORNEO DE BOX DE LOS BARRIOS TRADICIONALES<\/a><\/h5><div class=\"wp-show-posts-entry-meta wp-show-posts-entry-meta-below-title post-meta-inline\"><span class=\"wp-show-posts-posted-on wp-show-posts-meta\">\n\t\t\t\t\t<a href=\"https:\/\/matehualasinmiedo.com\/index.php\/2025\/01\/15\/presenta-gobierno-de-estado-el-torneo-de-box-de-los-barrios-tradicionales\/\" title=\"5:45 PM\" rel=\"bookmark\"><time class=\"wp-show-posts-entry-date published\" datetime=\"2025-01-15T17:45:13-06:00\" itemprop=\"datePublished\">15 de enero de 2025<\/time><time class=\"wp-show-posts-updated\" datetime=\"2025-01-15T17:48:17-06:00\" itemprop=\"dateModified\">15 de enero de 2025<\/time><\/a>\n\t\t\t\t<\/span><\/div>\t\t\t\t\t\t<\/header><!-- .entry-header -->\n\t\t\t\t\t\t\t\t\t\t\t<div class=\"wp-show-posts-entry-summary\" itemprop=\"text\">\n\t\t\t\t\t\t\t<p>Arranca el 22 de enero y recorrer\u00e1 los ocho barrios de San Luis Potos\u00ed El Instituto Potosino de Cultura F\u00edsica&#8230;<\/p>\n\t\t\t\t\t\t<\/div><!-- .entry-summary -->\n\t\t\t\t\t<\/div><!-- wp-show-posts-inner --><\/article><article class=\" wp-show-posts-single post-37925 post type-post status-publish format-standard has-post-thumbnail hentry category-deportes tag-deportes wpsp-col-4\" itemtype=\"http:\/\/schema.org\/CreativeWork\" itemscope><div class=\"wp-show-posts-inner\" style=\"\">\t\t<div class=\"wp-show-posts-image  wpsp-image-center \">\n\t\t\t<a href=\"https:\/\/matehualasinmiedo.com\/index.php\/2025\/01\/09\/arena-potosi-lista-para-uno-de-los-eventos-mas-importantes-del-boxeo-mexicano\/\"  title=\"ARENA POTOS\u00cd LISTA PARA UNO DE LOS EVENTOS M\u00c1S IMPORTANTES DEL BOXEO MEXICANO\">\t\t\t\t\t<img decoding=\"async\" src=\"https:\/\/matehualasinmiedo.com\/wp-content\/uploads\/2025\/01\/6-4-300x400.jpg\" alt=\"ARENA POTOS\u00cd LISTA PARA UNO DE LOS EVENTOS M\u00c1S IMPORTANTES DEL BOXEO MEXICANO\" itemprop=\"image\" class=\"center\" \/>\n\t\t\t\t<\/a>\t\t<\/div>\n\t\t\t\t\t\t\t\t<header class=\"wp-show-posts-entry-header\">\n\t\t\t\t\t\t\t<h5 class=\"wp-show-posts-entry-title\" itemprop=\"headline\"><a href=\"https:\/\/matehualasinmiedo.com\/index.php\/2025\/01\/09\/arena-potosi-lista-para-uno-de-los-eventos-mas-importantes-del-boxeo-mexicano\/\" rel=\"bookmark\">ARENA POTOS\u00cd LISTA PARA UNO DE LOS EVENTOS M\u00c1S IMPORTANTES DEL BOXEO MEXICANO<\/a><\/h5><div class=\"wp-show-posts-entry-meta wp-show-posts-entry-meta-below-title post-meta-inline\"><span class=\"wp-show-posts-posted-on wp-show-posts-meta\">\n\t\t\t\t\t<a href=\"https:\/\/matehualasinmiedo.com\/index.php\/2025\/01\/09\/arena-potosi-lista-para-uno-de-los-eventos-mas-importantes-del-boxeo-mexicano\/\" title=\"4:13 PM\" rel=\"bookmark\"><time class=\"wp-show-posts-entry-date published\" datetime=\"2025-01-09T16:13:27-06:00\" itemprop=\"datePublished\">9 de enero de 2025<\/time><time class=\"wp-show-posts-updated\" datetime=\"2025-01-09T16:13:28-06:00\" itemprop=\"dateModified\">9 de enero de 2025<\/time><\/a>\n\t\t\t\t<\/span><\/div>\t\t\t\t\t\t<\/header><!-- .entry-header -->\n\t\t\t\t\t\t\t\t\t\t\t<div class=\"wp-show-posts-entry-summary\" itemprop=\"text\">\n\t\t\t\t\t\t\t<p>Ser\u00e1 el escenario del combate entre Omar Ch\u00e1vez y Misael Rodr\u00edguez El pr\u00f3ximo 25 de enero, la Arena Potos\u00ed ser\u00e1&#8230;<\/p>\n\t\t\t\t\t\t<\/div><!-- .entry-summary -->\n\t\t\t\t\t<\/div><!-- wp-show-posts-inner --><\/article><div class=\"wpsp-clear\"><\/div><\/section><!-- .wp-show-posts -->","protected":false},"excerpt":{"rendered":"","protected":false},"author":2,"featured_media":0,"parent":0,"menu_order":0,"comment_status":"closed","ping_status":"closed","template":"","meta":{"footnotes":""},"class_list":["post-67","page","type-page","status-publish","hentry"],"_links":{"self":[{"href":"https:\/\/matehualasinmiedo.com\/index.php\/wp-json\/wp\/v2\/pages\/67","targetHints":{"allow":["GET"]}}],"collection":[{"href":"https:\/\/matehualasinmiedo.com\/index.php\/wp-json\/wp\/v2\/pages"}],"about":[{"href":"https:\/\/matehualasinmiedo.com\/index.php\/wp-json\/wp\/v2\/types\/page"}],"author":[{"embeddable":true,"href":"https:\/\/matehualasinmiedo.com\/index.php\/wp-json\/wp\/v2\/users\/2"}],"replies":[{"embeddable":true,"href":"https:\/\/matehualasinmiedo.com\/index.php\/wp-json\/wp\/v2\/comments?post=67"}],"version-history":[{"count":3,"href":"https:\/\/matehualasinmiedo.com\/index.php\/wp-json\/wp\/v2\/pages\/67\/revisions"}],"predecessor-version":[{"id":187,"href":"https:\/\/matehualasinmiedo.com\/index.php\/wp-json\/wp\/v2\/pages\/67\/revisions\/187"}],"wp:attachment":[{"href":"https:\/\/matehualasinmiedo.com\/index.php\/wp-json\/wp\/v2\/media?parent=67"}],"curies":[{"name":"wp","href":"https:\/\/api.w.org\/{rel}","templated":true}]}}